{"id":643,"date":"2019-04-01T14:51:04","date_gmt":"2019-04-01T12:51:04","guid":{"rendered":"https:\/\/icsi.insuco.com\/notes-legales\/"},"modified":"2024-06-20T11:13:52","modified_gmt":"2024-06-20T09:13:52","slug":"notes-legales","status":"publish","type":"page","link":"https:\/\/icsi.insuco.com\/fr\/notes-legales\/","title":{"rendered":"Notes l\u00e9gales"},"content":{"rendered":"<p>[et_pb_section fb_built=\u00a0\u00bb1&Prime; _builder_version=\u00a0\u00bb4.22.1&Prime; _module_preset=\u00a0\u00bbdefault\u00a0\u00bb background_color=\u00a0\u00bb#05838E\u00a0\u00bb custom_margin_tablet=\u00a0\u00bb\u00a0\u00bb custom_margin_phone=\u00a0\u00bb\u00a0\u00bb custom_margin_last_edited=\u00a0\u00bbon|phone\u00a0\u00bb custom_padding=\u00a0\u00bb||19px|||\u00a0\u00bb bottom_divider_color=\u00a0\u00bb#FFFFFF\u00a0\u00bb bottom_divider_height=\u00a0\u00bb43px\u00a0\u00bb bottom_divider_flip=\u00a0\u00bbhorizontal\u00a0\u00bb bottom_divider_height_tablet=\u00a0\u00bb43px\u00a0\u00bb bottom_divider_height_phone=\u00a0\u00bb32px\u00a0\u00bb bottom_divider_height_last_edited=\u00a0\u00bbon|phone\u00a0\u00bb saved_tabs=\u00a0\u00bball\u00a0\u00bb locked=\u00a0\u00bboff\u00a0\u00bb global_colors_info=\u00a0\u00bb{}\u00a0\u00bb][et_pb_row custom_padding_last_edited=\u00a0\u00bbon|desktop\u00a0\u00bb _builder_version=\u00a0\u00bb4.22.1&Prime; _module_preset=\u00a0\u00bbdefault\u00a0\u00bb custom_padding=\u00a0\u00bb||0px|||\u00a0\u00bb custom_padding_tablet=\u00a0\u00bb||0px||false|false\u00a0\u00bb custom_padding_phone=\u00a0\u00bb||0px||false|false\u00a0\u00bb global_colors_info=\u00a0\u00bb{}\u00a0\u00bb][et_pb_column type=\u00a0\u00bb4_4&Prime; _builder_version=\u00a0\u00bb4.22.0&Prime; _module_preset=\u00a0\u00bbdefault\u00a0\u00bb global_colors_info=\u00a0\u00bb{}\u00a0\u00bb][et_pb_blurb title=\u00a0\u00bb@ET-DC@eyJkeW5hbWljIjp0cnVlLCJjb250ZW50IjoicG9zdF90aXRsZSIsInNldHRpbmdzIjp7ImJlZm9yZSI6IiIsImFmdGVyIjoiIn19@\u00a0\u00bb image=\u00a0\u00bbhttps:\/\/icsi.insuco.com\/wp-content\/uploads\/2023\/08\/element-logo-2.png\u00a0\u00bb icon_placement=\u00a0\u00bbleft\u00a0\u00bb content_max_width=\u00a0\u00bb4400px\u00a0\u00bb image_icon_width_tablet=\u00a0\u00bb\u00a0\u00bb image_icon_width_phone=\u00a0\u00bb18px\u00a0\u00bb image_icon_width_last_edited=\u00a0\u00bbon|phone\u00a0\u00bb _builder_version=\u00a0\u00bb4.22.0&Prime; _dynamic_attributes=\u00a0\u00bbtitle\u00a0\u00bb _module_preset=\u00a0\u00bbdefault\u00a0\u00bb header_level=\u00a0\u00bbh1&Prime; header_font=\u00a0\u00bbRubik|600||on|||||\u00a0\u00bb header_text_color=\u00a0\u00bb#FFFFFF\u00a0\u00bb header_font_size=\u00a0\u00bb60px\u00a0\u00bb header_line_height=\u00a0\u00bb1.1em\u00a0\u00bb image_icon_custom_margin=\u00a0\u00bb||||false|false\u00a0\u00bb image_icon_custom_padding=\u00a0\u00bb13px||||false|false\u00a0\u00bb image_icon_custom_padding_tablet=\u00a0\u00bb7px||||false|false\u00a0\u00bb image_icon_custom_padding_phone=\u00a0\u00bb4px||||false|false\u00a0\u00bb image_icon_custom_padding_last_edited=\u00a0\u00bbon|tablet\u00a0\u00bb header_font_size_tablet=\u00a0\u00bb46px\u00a0\u00bb header_font_size_phone=\u00a0\u00bb25px\u00a0\u00bb header_font_size_last_edited=\u00a0\u00bbon|tablet\u00a0\u00bb custom_css_blurb_title=\u00a0\u00bbpadding-left:30px;\u00a0\u00bb global_colors_info=\u00a0\u00bb{}\u00a0\u00bb custom_css_blurb_title_last_edited=\u00a0\u00bbon|phone\u00a0\u00bb custom_css_blurb_title_phone=\u00a0\u00bbpadding-left:10px;\u00a0\u00bb custom_css_blurb_title_tablet=\u00a0\u00bbpadding-left:30px;\u00a0\u00bb][\/et_pb_blurb][\/et_pb_column][\/et_pb_row][\/et_pb_section][et_pb_section fb_built=\u00a0\u00bb1&Prime; module_id=\u00a0\u00bbinitiatives-objectifs\u00a0\u00bb _builder_version=\u00a0\u00bb4.22.1&Prime; _module_preset=\u00a0\u00bbdefault\u00a0\u00bb use_background_color_gradient=\u00a0\u00bbon\u00a0\u00bb background_color_gradient_direction=\u00a0\u00bb90deg\u00a0\u00bb background_color_gradient_stops=\u00a0\u00bb#05838e 0%|#f8ab36 40%|rgba(248,171,54,0.08) 74%\u00a0\u00bb background_color_gradient_overlays_image=\u00a0\u00bbon\u00a0\u00bb background_enable_pattern_style=\u00a0\u00bbon\u00a0\u00bb background_pattern_style=\u00a0\u00bbdiagonal-stripes-2&Prime; background_pattern_color=\u00a0\u00bb#FFFFFF\u00a0\u00bb background_pattern_transform=\u00a0\u00bbinvert\u00a0\u00bb background_pattern_blend_mode=\u00a0\u00bbscreen\u00a0\u00bb custom_margin=\u00a0\u00bb||||false|false\u00a0\u00bb custom_margin_tablet=\u00a0\u00bb||||false|false\u00a0\u00bb custom_margin_phone=\u00a0\u00bb||||false|false\u00a0\u00bb custom_margin_last_edited=\u00a0\u00bbon|phone\u00a0\u00bb custom_padding=\u00a0\u00bb13px||0px||false|false\u00a0\u00bb top_divider_style=\u00a0\u00bbasymmetric\u00a0\u00bb top_divider_color=\u00a0\u00bb#05838E\u00a0\u00bb top_divider_height=\u00a0\u00bb60px\u00a0\u00bb top_divider_flip=\u00a0\u00bbhorizontal\u00a0\u00bb global_colors_info=\u00a0\u00bb{}\u00a0\u00bb][et_pb_row _builder_version=\u00a0\u00bb4.22.1&Prime; _module_preset=\u00a0\u00bbdefault\u00a0\u00bb global_colors_info=\u00a0\u00bb{}\u00a0\u00bb][et_pb_column type=\u00a0\u00bb4_4&Prime; _builder_version=\u00a0\u00bb4.22.1&Prime; _module_preset=\u00a0\u00bbdefault\u00a0\u00bb global_colors_info=\u00a0\u00bb{}\u00a0\u00bb][\/et_pb_column][\/et_pb_row][\/et_pb_section][et_pb_section fb_built=\u00a0\u00bb1&Prime; admin_label=\u00a0\u00bbsection\u00a0\u00bb _builder_version=\u00a0\u00bb4.16&Prime; global_colors_info=\u00a0\u00bb{}\u00a0\u00bb][et_pb_row admin_label=\u00a0\u00bbrow\u00a0\u00bb _builder_version=\u00a0\u00bb4.16&Prime; background_size=\u00a0\u00bbinitial\u00a0\u00bb background_position=\u00a0\u00bbtop_left\u00a0\u00bb background_repeat=\u00a0\u00bbrepeat\u00a0\u00bb global_colors_info=\u00a0\u00bb{}\u00a0\u00bb][et_pb_column type=\u00a0\u00bb4_4&Prime; _builder_version=\u00a0\u00bb4.16&Prime; custom_padding=\u00a0\u00bb|||\u00a0\u00bb global_colors_info=\u00a0\u00bb{}\u00a0\u00bb custom_padding__hover=\u00a0\u00bb|||\u00a0\u00bb][et_pb_text admin_label=\u00a0\u00bbText\u00a0\u00bb _builder_version=\u00a0\u00bb4.23.1&Prime; text_line_height=\u00a0\u00bb1.5em\u00a0\u00bb link_font=\u00a0\u00bb||||on||||\u00a0\u00bb header_2_line_height=\u00a0\u00bb1.3em\u00a0\u00bb background_size=\u00a0\u00bbinitial\u00a0\u00bb background_position=\u00a0\u00bbtop_left\u00a0\u00bb background_repeat=\u00a0\u00bbrepeat\u00a0\u00bb hover_enabled=\u00a0\u00bb0&Prime; global_colors_info=\u00a0\u00bb{}\u00a0\u00bb sticky_enabled=\u00a0\u00bb0&Prime;]<\/p>\n<p><strong>Adresse du site web :<\/strong> https:\/\/icsi.insuco.com\/.<br \/><strong>R\u00e9dacteur du site\/raison sociale :<\/strong> INSUCO France \u200b<br \/><strong>Si\u00e8ge social :<\/strong> 233 RUE DU FAUBOURG SAINT HONORE 75008 PARIS<br \/><strong>Num\u00e9ro DUNS :<\/strong> Paris B 850 625 666<br \/><strong>Capital social :<\/strong> 10 000,00 EUROS<br \/><strong>Num\u00e9ro de TVA intra-communautaire : <\/strong>FR40850625666<br \/><strong>SIRET :<\/strong> 85062566600019<br \/><strong>Coordonn\u00e9es du contact :<\/strong> Pascal Rey<br \/><strong>Coordonn\u00e9es :<\/strong><br \/>contact@insuco.com<br \/><strong>Coordonn\u00e9es de la soci\u00e9t\u00e9 d&rsquo;h\u00e9bergement :<\/strong><br \/>OVH SAS, 2 rue Kellermann- 59100 Roubaix \u2013 France<br \/>T\u00e9l\u00e9phone : 1007<\/p>\n<p>Le site icsi.insuco.com (le site web) est la propri\u00e9t\u00e9 exclusive de INSUCO France.<\/p>\n<p>La consultation du site est soumise \u00e0 la pleine acceptation et au respect par les utilisateurs des conditions suivantes.<\/p>\n<p>El usuario se compromete a usar, de forma personal y no comercial, la informaci\u00f3n contenida en el Sitio. En cas de non-respect des dispositions du pr\u00e9sent avis juridique, l&rsquo;utilisateur peut voir sa responsabilit\u00e9 civile et\/ou p\u00e9nale engag\u00e9e.<\/p>\n<h2>1. Contenu du site<\/h2>\n<p>Le site est g\u00e9r\u00e9 par INSUCO INTL. Il pr\u00e9sente les services et les produits qu&rsquo;il propose.<\/p>\n<h2>2. Propri\u00e9t\u00e9 intellectuelle<\/h2>\n<p>De mani\u00e8re g\u00e9n\u00e9rale, les donn\u00e9es, logiciels, \u00e9chantillons musicaux, textes, informations, logos, identit\u00e9s visuelles, images anim\u00e9es ou non et leur mise en forme, vid\u00e9os, figurant sur le Site sont la propri\u00e9t\u00e9 de INSUCO France et sont prot\u00e9g\u00e9s \u00e0 ce titre par les dispositions du Code de la propri\u00e9t\u00e9 intellectuelle.<\/p>\n<p>Tout internaute s&rsquo;engage \u00e0 ne les utiliser que dans le strict cadre offert par le site web.<\/p>\n<h2>3. Protection des donn\u00e9es personnelles<\/h2>\n<p>Il peut vous \u00eatre demand\u00e9 de fournir certaines informations personnelles en remplissant les formulaires fournis sur le site web. Ces donn\u00e9es doivent \u00eatre saisies pour que INSUCO France puisse traiter votre demande.<\/p>\n<p>INSUCO France s&rsquo;engage \u00e0 respecter les dispositions de la loi n\u00b0 78-17 du 6 janvier 1978 relative \u00e0 l&rsquo;informatique, aux fichiers et aux libert\u00e9s modifi\u00e9e, et du R\u00e8glement (UE) 2016\/679 du Parlement europ\u00e9en et du Conseil du 27 avril 2016, dit \u00a0\u00bb GDPR \u00a0\u00bb et \u00e0 prendre toutes pr\u00e9cautions utiles pour pr\u00e9server la s\u00e9curit\u00e9 des donn\u00e9es \u00e0 caract\u00e8re personnel qui lui sont confi\u00e9es.<\/p>\n<h3>Responsable du traitement des donn\u00e9es<\/h3>\n<p>INSUCO France traite les donn\u00e9es personnelles des internautes en tant que responsable de traitement.<\/p>\n<h3>Donn\u00e9es personnelles trait\u00e9es et finalit\u00e9s du traitement<\/h3>\n<p>INSUCO France collecte sur le site web des donn\u00e9es personnelles aupr\u00e8s des internautes qui l&rsquo;ont contact\u00e9, notamment via le formulaire de contact en ligne ou en s&rsquo;inscrivant \u00e0 la newsletter. Ces donn\u00e9es sont n\u00e9cessaires pour r\u00e9pondre aux demandes des internautes. Dans le cadre de la fourniture de ses services, INSUCO France ne traite que les donn\u00e9es personnelles suivantes, strictement n\u00e9cessaires \u00e0 votre demande de contact : nom, pr\u00e9nom, adresse e-mail, num\u00e9ro de t\u00e9l\u00e9phone.<\/p>\n<p>La finalit\u00e9 du traitement de ces donn\u00e9es personnelles est de permettre \u00e0 INSUCO France de r\u00e9pondre aux demandes des internautes.<\/p>\n<p>INSUCO France conserve une trace \u00e9crite du traitement des donn\u00e9es personnelles trait\u00e9es sur le site.<\/p>\n<h3>Destinataires des donn\u00e9es \u00e0 caract\u00e8re personnel<\/h3>\n<p>Les donn\u00e9es personnelles collect\u00e9es sur le Site sont trait\u00e9es uniquement par les membres de l&rsquo;\u00e9quipe INSUCO France.<\/p>\n<p>La grande majorit\u00e9 des donn\u00e9es personnelles sont stock\u00e9es sur des serveurs d&rsquo;h\u00e9bergement situ\u00e9s dans l&rsquo;Union europ\u00e9enne.<\/p>\n<p>Le service de courrier \u00e9lectronique d&rsquo;INSUCO France est h\u00e9berg\u00e9 aux Etats-Unis par Mailchimp. Les internautes sont inform\u00e9s que leurs donn\u00e9es personnelles feront l&rsquo;objet de la m\u00eame protection que celle requise en Europe dans la mesure o\u00f9 Mailchimp est tenu de se conformer au GDPR en ce qui concerne les donn\u00e9es personnelles des citoyens europ\u00e9ens.<\/p>\n<h3>Dur\u00e9e de conservation des donn\u00e9es \u00e0 caract\u00e8re personnel<\/h3>\n<p>INSUCO France s&rsquo;engage \u00e0 conserver ces donn\u00e9es personnelles, sauf obligation l\u00e9gale ou r\u00e9glementaire contraire, pour une dur\u00e9e maximale de trois ans \u00e0 compter du dernier contact avec l&rsquo;internaute, que ce soit \u00e0 l&rsquo;initiative de INSUCO France ou de l&rsquo;internaute (ex : envoi de la newsletter).<\/p>\n<p>A l&rsquo;issue de cette p\u00e9riode ou en cas d&rsquo;exercice de ses droits par les utilisateurs, INSUCO France s&rsquo;engage \u00e0 d\u00e9truire toutes les copies des donn\u00e9es personnelles des utilisateurs qu&rsquo;elle pourrait d\u00e9tenir.<\/p>\n<h3>S\u00e9curit\u00e9 des donn\u00e9es personnelles<\/h3>\n<p>INSUCO France s&rsquo;engage, en vertu de son obligation de moyens, \u00e0 prendre toutes les pr\u00e9cautions utiles et \u00e0 mettre en \u0153uvre des mesures techniques et organisationnelles appropri\u00e9es en la mati\u00e8re pour assurer un niveau de s\u00e9curit\u00e9 adapt\u00e9 et pour prot\u00e9ger les donn\u00e9es personnelles des internautes contre les modifications, destructions et acc\u00e8s non autoris\u00e9s.<\/p>\n<h3>Droits des internautes sur leurs donn\u00e9es personnelles<\/h3>\n<p>Les internautes ont la possibilit\u00e9 d&rsquo;exercer leurs droits d&rsquo;acc\u00e8s, de rectification, d&rsquo;effacement, d&rsquo;opposition, de limitation du traitement, de portabilit\u00e9 de leurs donn\u00e9es personnelles, le droit de ne pas faire l&rsquo;objet d&rsquo;une d\u00e9cision individuelle automatis\u00e9e et le droit de retirer leur consentement, en ce qui concerne les donn\u00e9es personnelles qu&rsquo;ils fournissent.<\/p>\n<p>Pour exercer l&rsquo;un de ces droits, veuillez envoyer votre demande par courrier \u00e9lectronique \u00e0 l&rsquo;adresse suivante : pascal.rey@insuco.com<\/p>\n<p>INSUCO France s&rsquo;engage \u00e0 r\u00e9pondre dans les meilleurs d\u00e9lais et au plus tard dans un d\u00e9lai d&rsquo;un mois \u00e0 compter de la r\u00e9ception de la demande.<\/p>\n<p>Si les internautes consid\u00e8rent que le traitement de leurs donn\u00e9es personnelles constitue une violation de la l\u00e9gislation en vigueur, ils ont la possibilit\u00e9 d&rsquo;introduire une plainte aupr\u00e8s de la CNIL.<\/p>\n<h3>Confidentialit\u00e9 des donn\u00e9es personnelles<\/h3>\n<p>INSUCO France garantit la confidentialit\u00e9 des donn\u00e9es personnelles trait\u00e9es et garantit que les personnes autoris\u00e9es \u00e0 traiter ces donn\u00e9es personnelles s&rsquo;engagent \u00e9galement \u00e0 respecter cette obligation de confidentialit\u00e9.<\/p>\n<h2>4. Cookies<\/h2>\n<p>Lors de la navigation sur le site, des cookies peuvent \u00eatre install\u00e9s sur l&rsquo;ordinateur de l&rsquo;utilisateur.<\/p>\n<p>Les donn\u00e9es obtenues par le biais de ces cookies ont pour but de faciliter la navigation sur le site et de permettre diverses mesures du trafic sur le site.<\/p>\n<p>El usuario del Sitio tiene la posibilidad de desactivar las cookies accediendo a la configuraci\u00f3n de las opciones del navegador.<\/p>\n<p>Consultez notre <a href=\"https:\/\/icsi.insuco.com\/fr\/politique-de-cookies\/\">politique de cookies.<\/a><\/p>\n<h2>5. Google Analytics<\/h2>\n<p>INSUCO France utilise Google Analytics pour suivre les utilisateurs de ce site.<\/p>\n<p>Google Analytics utilise des cookies pour collecter ces donn\u00e9es.<\/p>\n<p>Afin de se conformer \u00e0 la nouvelle r\u00e9glementation, Google a inclus une modification dans le traitement des donn\u00e9es que les utilisateurs peuvent consulter sur <a href=\"https:\/\/www.google.com\/analytics\/terms\/dpa\/dataprocessingamendment_20130906.html\" target=\"_blank\" rel=\"noopener noreferrer\">la page suivante<\/a><span>.<\/span><\/p>\n<p>INSUCO France s&rsquo;engage \u00e0 traiter les donn\u00e9es collect\u00e9es de mani\u00e8re anonyme et \u00e0 d\u00e9sactiver le \u00ab\u00a0partage de donn\u00e9es\u00a0\u00bb.<\/p>\n<h2>6. Commentaires<\/h2>\n<p>INSUCO France encourage les utilisateurs \u00e0 poster des commentaires sur le site. Toutefois, les commentaires qui ne sont pas li\u00e9s au contenu du site seront consid\u00e9r\u00e9s comme du spam et seront donc supprim\u00e9s. Les commentaires \u00e0 caract\u00e8re offensant ou \u00e0 connotation raciste, violente ou sexuelle seront \u00e9galement supprim\u00e9s.<\/p>\n<h2>7. Responsabilit\u00e9s<\/h2>\n<p>INSUCO France d\u00e9cline toute responsabilit\u00e9 quant aux \u00e9ventuels dysfonctionnements pouvant survenir sur le Site et entra\u00eener une perte de donn\u00e9es ou une indisponibilit\u00e9 de l&rsquo;acc\u00e8s aux informations produites sur le site web. INSUCO France ne peut garantir l&rsquo;int\u00e9grit\u00e9 et la v\u00e9racit\u00e9 des informations contenues sur le Site, ni la non-modification par des tiers (intrusion, virus) du contenu du site web. Vous \u00eates seul responsable de l&rsquo;utilisation que vous faites du contenu du site.<\/p>\n<p>Les \u00e9l\u00e9ments pr\u00e9sent\u00e9s sur le site sont susceptibles d&rsquo;\u00eatre modifi\u00e9s sans pr\u00e9avis et sont mis \u00e0 la disposition des utilisateurs sans aucune garantie, expresse ou implicite, de quelque nature que ce soit.<\/p>\n<p>INSUCO France ne saurait \u00eatre tenue pour responsable solidairement avec les propri\u00e9taires d&rsquo;autres sites du contenu des sites vers lesquels l&rsquo;utilisateur est redirig\u00e9 par des liens hypertextes pr\u00e9sents sur le site web. La responsabilit\u00e9 incombe uniquement aux propri\u00e9taires de ces sites.<\/p>\n<h2>8. Documents l\u00e9gaux<\/h2>\n<p><a href=\"https:\/\/icsi.insuco.com\/wp-content\/uploads\/2024\/06\/Estatutos.pdf\" target=\"_blank\" rel=\"noopener\">Statuts<\/a><\/p>\n<p><a href=\"https:\/\/icsi.insuco.com\/wp-content\/uploads\/2024\/06\/Acta-No.-2_GCV-.pdf\" target=\"_blank\" rel=\"noopener\">Acte N\u00b02<\/a><\/p>\n<p><a href=\"https:\/\/icsi.insuco.com\/wp-content\/uploads\/2024\/06\/Camara-de-Comercio.pdf\" target=\"_blank\" rel=\"noopener\">Chambre de commerce<\/a><\/p>\n<p><a href=\"https:\/\/icsi.insuco.com\/wp-content\/uploads\/2024\/06\/ESTADOS-FINANCIEROS-2024-.pdf\" target=\"_blank\" rel=\"noopener\">\u00c9tats financiers<\/a><\/p>\n<p>[\/et_pb_text][\/et_pb_column][\/et_pb_row][\/et_pb_section]<\/p>\n<span class=\"et_bloom_bottom_trigger\"><\/span>","protected":false},"excerpt":{"rendered":"<p>Adresse du site web : http:\/\/icsi.insuco.com\/.R\u00e9dacteur du site\/raison sociale : INSUCO France \u200bSi\u00e8ge social : 233 RUE DU FAUBOURG SAINT HONORE 75008 PARISNum\u00e9ro DUNS : Paris B 850 625 666Capital social : 10 000,00 EUROSNum\u00e9ro de TVA intra-communautaire : FR40850625666SIRET : 85062566600019Coordonn\u00e9es du contact : Pascal ReyCoordonn\u00e9es :contact@insuco.comCoordonn\u00e9es de la soci\u00e9t\u00e9 d&rsquo;h\u00e9bergement :OVH SAS, 2 [&hellip;]<\/p>\n","protected":false},"author":1,"featured_media":0,"parent":0,"menu_order":0,"comment_status":"closed","ping_status":"open","template":"","meta":{"_et_pb_use_builder":"on","_et_pb_old_content":"","_et_gb_content_width":"","footnotes":""},"class_list":["post-643","page","type-page","status-publish","hentry"],"_links":{"self":[{"href":"https:\/\/icsi.insuco.com\/fr\/wp-json\/wp\/v2\/pages\/643","targetHints":{"allow":["GET"]}}],"collection":[{"href":"https:\/\/icsi.insuco.com\/fr\/wp-json\/wp\/v2\/pages"}],"about":[{"href":"https:\/\/icsi.insuco.com\/fr\/wp-json\/wp\/v2\/types\/page"}],"author":[{"embeddable":true,"href":"https:\/\/icsi.insuco.com\/fr\/wp-json\/wp\/v2\/users\/1"}],"replies":[{"embeddable":true,"href":"https:\/\/icsi.insuco.com\/fr\/wp-json\/wp\/v2\/comments?post=643"}],"version-history":[{"count":5,"href":"https:\/\/icsi.insuco.com\/fr\/wp-json\/wp\/v2\/pages\/643\/revisions"}],"predecessor-version":[{"id":850,"href":"https:\/\/icsi.insuco.com\/fr\/wp-json\/wp\/v2\/pages\/643\/revisions\/850"}],"wp:attachment":[{"href":"https:\/\/icsi.insuco.com\/fr\/wp-json\/wp\/v2\/media?parent=643"}],"curies":[{"name":"wp","href":"https:\/\/api.w.org\/{rel}","templated":true}]}}